{"id":2,"date":"2009-04-10T15:40:04","date_gmt":"2009-04-10T13:40:04","guid":{"rendered":"http:\/\/wordpress.harck.be\/?page_id=2"},"modified":"2012-04-10T11:22:30","modified_gmt":"2012-04-10T09:22:30","slug":"about","status":"publish","type":"page","link":"https:\/\/jerome.harckmans.be\/?page_id=2","title":{"rendered":"A propos"},"content":{"rendered":"<h3>Pourquoi?<\/h3>\n<p>Tout simplement pour garder une trace des probl\u00e8mes (principalement informatiques, et li\u00e9s \u00e0 l&#8217;utilisation de Linux en particulier) que j&#8217;ai rencontr\u00e9 et de leurs solutions. La plupart du temps, je me souviens avoir d\u00e9j\u00e0 fait face \u00e0 telle ou telle situation, mais sans me souvenir de tous les d\u00e9tails et surtout du moyen de r\u00e9soudre le probl\u00e8me. Ce site me sert donc de m\u00e9moire num\u00e9rique. Et puis, pourquoi ne pas en faire profiter d&#8217;autres personnes si cela peut aider?<\/p>\n<h3>Comment?<\/h3>\n<p>J&#8217;ai commenc\u00e9 comme \u00e0 peu pr\u00e8s tout le monde par faire un site tout pourri en Frontpage et h\u00e9berg\u00e9 sur &#8220;Chez.com&#8221; (qui depuis \u00e0 disparu). Puis j&#8217;ai appris la syntaxe HTML, ce qui m&#8217;a permis de d\u00e9velopper un site &#8220;from scratch&#8221;. Ne connaissant pas encore CSS \u00e0 ce moment l\u00e0, les deux fl\u00e9aux du web que sont les frames et la mise en page par tableaux \u00e9taient malheureusement toujours pr\u00e9sents.<\/p>\n<p>L&#8217;\u00e9tape suivant \u00e9tait donc de migrer vers un site mettant en application le principe fondamental &#8220;s\u00e9parer le contenu et la mise en page&#8221;: bienvenue CSS, adieu les frames et les tableaux!<\/p>\n<p>Sont venus ensuite PHP, wordpress, et divers outils bien utiles. Apr\u00e8s avoir jongl\u00e9 quelques ann\u00e9es avec un site hybride utilisant le moteur wordpress uniquement pour la partie blog et des pages &#8220;faites main&#8221; pour le reste, je suis finalement pass\u00e9 vers un site &#8220;full wordpress&#8221;, ce qui s&#8217;est av\u00e9r\u00e9 beaucoup plus flexible et \u00e9volutif!<\/p>\n<h4>Plugins utilis\u00e9s<\/h4>\n<p>Voici une liste des plugins wordpress que j&#8217;utilise:<\/p>\n<ul>\n<li><a href=\"http:\/\/akismet.com\/\">Akismet<\/a>: incontournable pour combattre le spam!<\/li>\n<li><a href=\"http:\/\/ideasilo.wordpress.com\/2007\/04\/30\/contact-form-7\/\">Contact Form 7<\/a>: permet de cr\u00e9er des formulaires vari\u00e9s.<\/li>\n<li><a href=\"http:\/\/ideasilo.wordpress.com\/2009\/03\/14\/really-simple-captcha\/\">Really Simple CAPTCHA<\/a>: pour int\u00e9grer des captcha \u00e0 vos formulaires.<\/li>\n<li><a href=\"http:\/\/www.stimuli.ca\/lightbox\/\">Lightbox 2<\/a>: effet &#8220;ajax&#8221; pour afficher vos photos en superposition au site.<\/li>\n<\/ul>\n<h3>Par qui?<\/h3>\n<p>Moi&#8230;<\/p>\n","protected":false},"excerpt":{"rendered":"<p>Pourquoi? Tout simplement pour garder une trace des probl\u00e8mes (principalement informatiques, et li\u00e9s \u00e0 l&#8217;utilisation de Linux en particulier) que j&#8217;ai rencontr\u00e9 et de leurs solutions. La plupart du temps,<\/p>\n","protected":false},"author":3,"featured_media":0,"parent":0,"menu_order":1,"comment_status":"closed","ping_status":"closed","template":"","meta":[],"_links":{"self":[{"href":"https:\/\/jerome.harckmans.be\/index.php?rest_route=\/wp\/v2\/pages\/2"}],"collection":[{"href":"https:\/\/jerome.harckmans.be\/index.php?rest_route=\/wp\/v2\/pages"}],"about":[{"href":"https:\/\/jerome.harckmans.be\/index.php?rest_route=\/wp\/v2\/types\/page"}],"author":[{"embeddable":true,"href":"https:\/\/jerome.harckmans.be\/index.php?rest_route=\/wp\/v2\/users\/3"}],"replies":[{"embeddable":true,"href":"https:\/\/jerome.harckmans.be\/index.php?rest_route=%2Fwp%2Fv2%2Fcomments&post=2"}],"version-history":[{"count":11,"href":"https:\/\/jerome.harckmans.be\/index.php?rest_route=\/wp\/v2\/pages\/2\/revisions"}],"predecessor-version":[{"id":608,"href":"https:\/\/jerome.harckmans.be\/index.php?rest_route=\/wp\/v2\/pages\/2\/revisions\/608"}],"wp:attachment":[{"href":"https:\/\/jerome.harckmans.be\/index.php?rest_route=%2Fwp%2Fv2%2Fmedia&parent=2"}],"curies":[{"name":"wp","href":"https:\/\/api.w.org\/{rel}","templated":true}]}}